{"id":60742,"date":"2025-03-21T09:42:40","date_gmt":"2025-03-21T09:42:40","guid":{"rendered":"https:\/\/www.bmove.com\/zasady-pouzivania-suborov-cookie\/"},"modified":"2026-01-29T16:04:14","modified_gmt":"2026-01-29T16:04:14","slug":"zasady-pouzivania-suborov-cookie","status":"publish","type":"page","link":"https:\/\/www.bmove.com\/sk\/zasady-pouzivania-suborov-cookie\/","title":{"rendered":"Z\u00e1sady pou\u017e\u00edvania s\u00faborov cookie"},"content":{"rendered":"\n<p>V t\u00fdchto z\u00e1sad\u00e1ch pou\u017e\u00edvania s\u00faborov cookie by sme chceli vysvetli\u0165, \u010do s\u00fa to s\u00fabory cookie a technol\u00f3gie podobn\u00e9 s\u00faborom cookie, ako ich my a \u010fal\u0161\u00ed poskytovatelia slu\u017eieb pou\u017e\u00edvame na tejto webovej lokalite, ak\u00e9 inform\u00e1cie zhroma\u017e\u010fuj\u00fa, ako dlho a na ak\u00e9 \u00fa\u010dely ich pou\u017e\u00edvame.<\/p>\n\n\n\n<h2 class=\"wp-block-heading\">Obsah<\/h2>\n\n\n\n<ul class=\"wp-block-list\">\n<li><a href=\"https:\/\/www.bmove.com\/sk\/zasady-pouzivania-suborov-cookie\/#controller-of-the-website\">Spr\u00e1vca webovej str\u00e1nky<\/a><\/li>\n\n\n\n<li><a href=\"https:\/\/www.bmove.com\/sk\/zasady-pouzivania-suborov-cookie\/#diff-to-privacy-policy\">Doplnenie z\u00e1sad ochrany osobn\u00fdch \u00fadajov<\/a><\/li>\n\n\n\n<li><a href=\"https:\/\/www.bmove.com\/sk\/zasady-pouzivania-suborov-cookie\/#legal-basis\">Ak\u00fd je pr\u00e1vny z\u00e1klad na nastavenie\/\u010d\u00edtanie s\u00faborov cookie?<\/a><\/li>\n\n\n\n<li><a href=\"https:\/\/www.bmove.com\/sk\/zasady-pouzivania-suborov-cookie\/#rights-of-visitor\">Ak\u00e9 pr\u00e1va m\u00e1 n\u00e1v\u0161tevn\u00edk webovej str\u00e1nky?<\/a><\/li>\n\n\n\n<li><a href=\"https:\/\/www.bmove.com\/sk\/zasady-pouzivania-suborov-cookie\/#manage-cookies\">Ako spravova\u0165 s\u00fabory cookie v prehliada\u010di?<\/a><\/li>\n\n\n\n<li><a href=\"https:\/\/www.bmove.com\/sk\/zasady-pouzivania-suborov-cookie\/#types-of-cookies\">Ak\u00e9 typy s\u00faborov cookie existuj\u00fa?<\/a><\/li>\n\n\n\n<li><a href=\"https:\/\/www.bmove.com\/sk\/zasady-pouzivania-suborov-cookie\/#cookies-origin\">Kto m\u00f4\u017ee nastavi\u0165 s\u00fabory cookie na tejto webovej str\u00e1nke?<\/a><\/li>\n\n\n\n<li><a href=\"https:\/\/www.bmove.com\/sk\/zasady-pouzivania-suborov-cookie\/#list-of-services\">Ak\u00e9 s\u00fabory cookie sa pou\u017e\u00edvaj\u00fa na tejto webovej str\u00e1nke?<\/a><\/li>\n<\/ul>\n\n\n\n<h2 class=\"wp-block-heading\" id=\"controller-of-the-website\">Spr\u00e1vca webovej str\u00e1nky<\/h2>\n\n\n\n<ul class=\"wp-block-list\">\n<li><strong>Poskytovate\u013e: <\/strong>Bmove, Spojen\u00e9 \u0161t\u00e1ty americk\u00e9<\/li>\n\n\n\n<li><strong>E-mail:<\/strong> <a href=\"support@bmove.com\" data-type=\"link\" data-id=\"support@bmove.com\">support@bmove.com<\/a><\/li>\n<\/ul>\n\n\n\n<h2 class=\"wp-block-heading\" id=\"diff-to-privacy-policy\">Doplnenie z\u00e1sad ochrany osobn\u00fdch \u00fadajov<\/h2>\n\n\n\n<p>Tieto z\u00e1sady pou\u017e\u00edvania s\u00faborov cookie dop\u013a\u0148aj\u00fa {<a href=\"https:\/\/www.bmove.com\/sk\/privacy-security\/\" target=\"_blank\" rel=\"noreferrer noopener\">z\u00e1sady ochrany osobn\u00fdch \u00fadajov<\/a> na tejto webovej str\u00e1nke. V z\u00e1sad\u00e1ch pou\u017e\u00edvania s\u00faborov cookie sa uv\u00e1dza, ako webov\u00e1 lokalita pou\u017e\u00edva s\u00fabory cookie a ak\u00e9 \u00fadaje prostredn\u00edctvom nich zhroma\u017e\u010fuje, zatia\u013e \u010do z\u00e1sady ochrany osobn\u00fdch \u00fadajov predstavuj\u00fa komplexnej\u0161\u00ed preh\u013ead v\u0161etk\u00fdch \u010dinnost\u00ed spracovania \u00fadajov na webovej lokalite a mimo nej.<\/p>\n\n\n\n<h2 class=\"wp-block-heading\" id=\"cookie-technology\">Ak\u00fd je pr\u00e1vny z\u00e1klad na nastavenie\/\u010d\u00edtanie s\u00faborov cookie?<\/h2>\n\n\n\n<p>Nastavenie a \u010d\u00edtanie s\u00faborov cookie v Eur\u00f3pskej \u00fanii (E\u00da) a Eur\u00f3pskom hospod\u00e1rskom priestore (EHP) je v s\u00falade s \u010cl\u00e1nok 55 Z\u00e1kon o elektronick\u00fdch komunik\u00e1ci\u00e1ch povolen\u00e9 len vtedy, ak pou\u017e\u00edvate\u013e udelil svoj s\u00fahlas na z\u00e1klade komplexn\u00fdch inform\u00e1ci\u00ed o \u00fa\u010deloch spracovania. Prev\u00e1dzkovate\u013e webovej str\u00e1nky m\u00f4\u017ee nastavi\u0165 s\u00fabory cookie aj vtedy, ak s\u00fa bez v\u00e1\u0161ho s\u00fahlasu nevyhnutne potrebn\u00e9 na to, aby v\u00e1m ako pou\u017e\u00edvate\u013eovi poskytol v\u00fdslovne po\u017eadovan\u00fa slu\u017ebu, napr. z\u00e1kladn\u00fd obsah tejto webovej str\u00e1nky alebo in\u00e9 nevyhnutne potrebn\u00e9 s\u00fabory cookie na to, aby sa v\u00e1m zobrazovali z\u00e1kladn\u00e9 funkcie webovej str\u00e1nky.<\/p>\n\n\n\n<h2 class=\"wp-block-heading\" id=\"rights-of-visitor\">Ak\u00e9 pr\u00e1va m\u00e1 n\u00e1v\u0161tevn\u00edk webovej str\u00e1nky?<\/h2>\n\n\n\n<p>Slu\u017eby a ich s\u00fabory cookie m\u00f4\u017eu by\u0165 nastaven\u00e9 a \u010d\u00edtan\u00e9 na pr\u00e1vnom z\u00e1klade v\u00e1\u0161ho s\u00fahlasu alebo opr\u00e1vnen\u00e9ho z\u00e1ujmu. Pri prvej n\u00e1v\u0161teve tejto webovej str\u00e1nky ste boli po\u017eiadan\u00ed o s\u00fahlas a mali ste mo\u017enos\u0165 namieta\u0165 proti pou\u017e\u00edvaniu ur\u010dit\u00fdch slu\u017eieb. V dial\u00f3gu o s\u00fahlase sme vysvetlili, ktor\u00fd pr\u00e1vny z\u00e1klad sa pou\u017e\u00edva pre ktor\u00fa slu\u017ebu.<br><br>M\u00e1te pr\u00e1vo kedyko\u013evek si pozrie\u0165 hist\u00f3riu svojich rozhodnut\u00ed, zmeni\u0165 nastavenia ochrany osobn\u00fdch \u00fadajov, namieta\u0165 proti pou\u017e\u00edvaniu slu\u017eieb a odvola\u0165 svoj s\u00fahlas. Ni\u017e\u0161ie n\u00e1jdete mo\u017enosti uplatnenia svojich pr\u00e1v:<\/p>\n\n\n\n<ul class=\"wp-block-list\">\n<li><a href=\"https:\/\/www.bmove.com\/sk\/zasady-pouzivania-suborov-cookie\/#consent-change\">Zmena nastaven\u00ed ochrany osobn\u00fdch \u00fadajov<\/a><\/li>\n\n\n\n<li><a href=\"https:\/\/www.bmove.com\/sk\/zasady-pouzivania-suborov-cookie\/#consent-history\">Hist\u00f3ria nastaven\u00ed s\u00fakromia<\/a><\/li>\n\n\n\n<li><a href=\"https:\/\/www.bmove.com\/sk\/zasady-pouzivania-suborov-cookie\/#consent-revoke\">Odvolanie s\u00fahlasov<\/a><\/li>\n<\/ul>\n\n\n\n<h2 class=\"wp-block-heading\" id=\"manage-cookies\">Ako spravova\u0165 s\u00fabory cookie v prehliada\u010di?<\/h2>\n\n\n\n<ul class=\"wp-block-list\">\n<li><strong>Ako odstr\u00e1ni\u0165 s\u00fabory cookie v prehliada\u010di:<\/strong> Ak chcete odstr\u00e1ni\u0165 s\u00fabory cookie zo svojho zariadenia, m\u00f4\u017eete vymaza\u0165 \u00fadaje o prehliadan\u00ed v nastaveniach prehliada\u010da. T\u00e1to akcia odstr\u00e1ni v\u0161etky s\u00fabory cookie zo v\u0161etk\u00fdch nav\u0161t\u00edven\u00fdch webov\u00fdch lokal\u00edt, potenci\u00e1lne vr\u00e1tane ulo\u017een\u00fdch prihlasovac\u00edch \u00fadajov a predvolieb lokal\u00edt. V niektor\u00fdch prehliada\u010doch m\u00f4\u017eete odstr\u00e1ni\u0165 len s\u00fabory cookie a podobn\u00e9 \u00fadaje bez toho, aby ste odstr\u00e1nili cel\u00fa hist\u00f3riu prehliadania.<\/li>\n\n\n\n<li><strong>Ako ovl\u00e1da\u0165 s\u00fabory cookie v prehliada\u010di:<\/strong> Pre podrobnej\u0161iu kontrolu nad s\u00fabormi cookie \u0161pecifick\u00fdmi pre ur\u010dit\u00e9 webov\u00e9 str\u00e1nky prejdite na nastavenia ochrany s\u00fakromia a s\u00faborov cookie v pou\u017e\u00edvanom prehliada\u010di. Tu m\u00f4\u017eete upravi\u0165 predvo\u013eby t\u00fdkaj\u00face sa pou\u017e\u00edvania s\u00faborov cookie na jednotliv\u00fdch str\u00e1nkach.<\/li>\n\n\n\n<li><strong>Ako zablokova\u0165 s\u00fabory cookie v prehliada\u010di:<\/strong> Je mo\u017en\u00e9 nakonfigurova\u0165 v\u00e4\u010d\u0161inu modern\u00fdch prehliada\u010dov v ich nastaveniach tak, aby blokovali ukladanie v\u0161etk\u00fdch s\u00faborov cookie do v\u00e1\u0161ho zariadenia. Zablokovanie s\u00faborov cookie v\u0161ak m\u00f4\u017ee vies\u0165 k tomu, \u017ee niektor\u00e9 slu\u017eby a funkcie nebud\u00fa fungova\u0165 spr\u00e1vne, napr. prihl\u00e1senie ako pou\u017e\u00edvate\u013e. Pre mnoh\u00e9 prehliada\u010de m\u00f4\u017eete pou\u017ei\u0165 aj roz\u0161\u00edrenia, ktor\u00e9 dok\u00e1\u017eu zablokova\u0165 nastavenie s\u00faborov cookie na webov\u00fdch str\u00e1nkach.<\/li>\n\n\n\n<li><strong>Ako spravova\u0165 s\u00fabory cookie na tejto webovej lokalite:<\/strong> Ak chcete prisp\u00f4sobi\u0165 svoje preferencie t\u00fdkaj\u00face sa s\u00faborov cookie na tejto webovej str\u00e1nke, m\u00f4\u017eete kedyko\u013evek zmeni\u0165 svoje preferencie kliknut\u00edm na odkaz v \u010dasti &#8222;Pr\u00e1va n\u00e1v\u0161tevn\u00edka webovej str\u00e1nky&#8220;.<\/li>\n<\/ul>\n\n\n\n<p>Viac inform\u00e1ci\u00ed o spracovan\u00ed s\u00faborov cookie n\u00e1jdete na adrese <a href=\"https:\/\/devowl.io\/rcb\/cookie-handling\/\" target=\"_blank\" rel=\"noreferrer noopener\">devowl.io\/rcb\/cookie-handling\/<\/a>.<\/p>\n\n\n\n<h2 class=\"wp-block-heading\" id=\"types-of-cookies\">Ak\u00e9 typy s\u00faborov cookie existuj\u00fa?<\/h2>\n\n\n\n<ul class=\"wp-block-list\">\n<li><strong>Z\u00e1kladn\u00e9 s\u00fabory cookie<\/strong> s\u00fa nevyhnutn\u00e9 pre z\u00e1kladn\u00fa funk\u010dnos\u0165 webovej str\u00e1nky a umo\u017e\u0148uj\u00fa funkcie, ako je ukladanie prihlasovac\u00edch \u00fadajov alebo pr\u00edstup do zabezpe\u010den\u00fdch oblast\u00ed webovej str\u00e1nky. Patria medzi ne napr\u00edklad bezpe\u010dnostn\u00e9 s\u00fabory cookie, ktor\u00e9 dok\u00e1\u017eu identifikova\u0165 bota, ktor\u00fd nie je na webovej lokalite \u017eiadan\u00fd, ulo\u017een\u00edm autentifika\u010dn\u00e9ho k\u013e\u00fa\u010da do s\u00faboru cookie.<\/li>\n\n\n\n<li><strong>Funk\u010dn\u00e9 s\u00fabory cookie<\/strong> zlep\u0161uj\u00fa pou\u017e\u00edvate\u013esk\u00fd z\u00e1\u017eitok ukladan\u00edm inform\u00e1ci\u00ed a preferenci\u00ed, ako s\u00fa nastavenia jazyka alebo vzh\u013eadu webovej str\u00e1nky, aby sa poskytli personalizovan\u00e9. Patria sem napr\u00edklad s\u00fabory cookie preferenci\u00ed, ktor\u00e9 ukladaj\u00fa pou\u017e\u00edvate\u013eom preferovan\u00fa kvalitu videa na webovej lokalite.<\/li>\n\n\n\n<li><strong>\u0160tatistick\u00e9 s\u00fabory cookie<\/strong> zhroma\u017e\u010fuj\u00fa \u00fadaje o pou\u017e\u00edvan\u00ed webovej str\u00e1nky s cie\u013eom z\u00edska\u0165 preh\u013ead o spr\u00e1van\u00ed pou\u017e\u00edvate\u013eov a optimalizova\u0165 v\u00fdkon lokality. Patr\u00ed sem napr\u00edklad n\u00e1hodne pridelen\u00e9 ID pou\u017e\u00edvate\u013ea, ktor\u00e9 umo\u017e\u0148uje priradi\u0165, \u010di ste nav\u0161t\u00edvili podstr\u00e1nku webovej lokality.<\/li>\n\n\n\n<li><strong>Marketingov\u00e9 s\u00fabory cookie<\/strong> sa pou\u017e\u00edvaj\u00fa na sledovanie spr\u00e1vania pou\u017e\u00edvate\u013eov na r\u00f4znych webov\u00fdch str\u00e1nkach a na zobrazovanie personalizovanej reklamy na z\u00e1klade z\u00e1ujmov a spr\u00e1vania pou\u017e\u00edvate\u013eov pri surfovan\u00ed. Patria sem napr\u00edklad reklamn\u00e9 s\u00fabory cookie, ktor\u00e9 ukladaj\u00fa interakciu s reklamou na webovej lokalite a odovzd\u00e1vaj\u00fa ju inzerentom, alebo chatov\u00fd syst\u00e9m pre ot\u00e1zky pred predajom a z\u00e1kazn\u00edcku podporu.<\/li>\n<\/ul>\n\n\n\n<h2 class=\"wp-block-heading\" id=\"cookies-origin\">Kto m\u00f4\u017ee nastavi\u0165 s\u00fabory cookie na tejto webovej str\u00e1nke?<\/h2>\n\n\n\n<p>Na tejto webovej str\u00e1nke m\u00f4\u017ee prev\u00e1dzkovate\u013e webovej str\u00e1nky, ako aj slu\u017eby tret\u00edch str\u00e1n, ktor\u00e9 sa na tejto webovej str\u00e1nke pou\u017e\u00edvaj\u00fa, nastavi\u0165 s\u00fabory cookie a pristupova\u0165 k jej obsahu. Kto m\u00e1 pr\u00edstup ku ktor\u00fdm s\u00faborom cookie a ich obsahu, sa l\u00ed\u0161i medzi s\u00fabormi cookie prvej strany a s\u00fabormi cookie tret\u00edch str\u00e1n. S\u00fabory cookie prvej strany s\u00fa vytvoren\u00e9 nav\u0161t\u00edvenou webovou str\u00e1nkou a m\u00f4\u017ee ich \u010d\u00edta\u0165 len prev\u00e1dzkovate\u013e webovej str\u00e1nky a integrovan\u00e9 slu\u017eby tret\u00edch str\u00e1n na tejto webovej str\u00e1nke. S\u00fabory cookie tret\u00edch str\u00e1n s\u00fa vytvoren\u00e9 zvy\u010dajne slu\u017ebami tret\u00edch str\u00e1n na in\u00fdch dom\u00e9nach, m\u00f4\u017eu by\u0165 \u010d\u00edtan\u00e9 na v\u0161etk\u00fdch webov\u00fdch str\u00e1nkach, na ktor\u00fdch je slu\u017eba, ktor\u00e1 dom\u00e9nu ovl\u00e1da, integrovan\u00e1, a napr\u00edklad ich pou\u017e\u00edvaj\u00fa reklamn\u00e9 siete na sledovanie spr\u00e1vania pou\u017e\u00edvate\u013eov na r\u00f4znych webov\u00fdch str\u00e1nkach a na pon\u00fakanie personalizovanej reklamy.<\/p>\n\n\n\n<h2 class=\"wp-block-heading\" id=\"list-of-services\">Ak\u00e9 s\u00fabory cookie sa pou\u017e\u00edvaj\u00fa na tejto webovej str\u00e1nke?<\/h2>\n\n\n\n\n\n<figure class=\"wp-block-table\"><table class=\"has-fixed-layout\"><tbody><tr><td>Nevyhnutn\u00e9<\/td><td>real_cookie_banner*<\/td><td>.bmove.com<\/td><td>Real Cookie Banner<\/td><td>365 dni<\/td><td>HTTP Cookie<\/td><td>Jedine\u010dn\u00fd identifik\u00e1tor pre s\u00fahlas, ale nie pre n\u00e1v\u0161tevn\u00edka webov\u00fdch str\u00e1nok. Rev\u00edzia Hash pre nastavenia banneru cookie (texty, farby, funkcie, servisn\u00e9 skupiny, slu\u017eby, blok\u00e1tory obsahu at\u010f.). IDS pre s\u00fahlasn\u00e9 slu\u017eby a skupiny slu\u017eieb.<\/td><\/tr><tr><td>Nevyhnutn\u00e9<\/td><td>real_cookie_banner*-tcf<\/td><td>.bmove.com<\/td><td>Real Cookie Banner<\/td><td>365 dni<\/td><td>HTTP Cookie<\/td><td>Zoznamy zozbieran\u00e9 v r\u00e1mci TCF ulo\u017een\u00e9 vo form\u00e1te TC String, vr\u00e1tane dod\u00e1vate\u013eov TCF, \u00fa\u010delov, \u0161peci\u00e1lnych \u00fa\u010delov, funkci\u00ed a \u0161peci\u00e1lnych funkci\u00ed.<\/td><\/tr><tr><td>Nevyhnutn\u00e9<\/td><td>real_cookie_banner*-gcm<\/td><td>.bmove.com<\/td><td>Real Cookie Banner<\/td><td>365 dni<\/td><td>HTTP Cookie<\/td><td>S\u00fahlas s typmi s\u00fahlasu (\u00fa\u010dely) zozbieran\u00fdch v re\u017eime s\u00fahlasu Google ulo\u017een\u00e9ho pre v\u0161etky slu\u017eby kompatibiln\u00fdch s re\u017eimom Google.<\/td><\/tr><tr><td>Nevyhnutn\u00e9<\/td><td>real_cookie_banner-test<\/td><td>.bmove.com<\/td><td>Real Cookie Banner<\/td><td>365 dni<\/td><td>HTTP Cookie<\/td><td>Cookie set na testovanie funkcie http cookie. Odstr\u00e1nen\u00e9 bezprostredne po teste.<\/td><\/tr><tr><td>Nevyhnutn\u00e9<\/td><td>real_cookie_banner*<\/td><td>https:\/\/www.bmove.com<\/td><td>Real Cookie Banner<\/td><td>&#8211;<\/td><td>Local Storage<\/td><td>Jedine\u010dn\u00fd identifik\u00e1tor pre s\u00fahlas, ale nie pre n\u00e1v\u0161tevn\u00edka webov\u00fdch str\u00e1nok. Rev\u00edzia Hash pre nastavenia banneru cookie (texty, farby, funkcie, servisn\u00e9 skupiny, slu\u017eby, blok\u00e1tory obsahu at\u010f.). IDS pre s\u00fahlasn\u00e9 slu\u017eby a skupiny slu\u017eieb. Sa uklad\u00e1 iba dovtedy, k\u00fdm sa na webovom serveri nebude zdokumentova\u0165 s\u00fahlas.<\/td><\/tr><tr><td>Nevyhnutn\u00e9<\/td><td>real_cookie_banner*-tcf<\/td><td>https:\/\/www.bmove.com<\/td><td>Real Cookie Banner<\/td><td>&#8211;<\/td><td>Local Storage<\/td><td>Zoznamy zozbieran\u00e9 v r\u00e1mci TCF ulo\u017een\u00e9 vo form\u00e1te TC String, vr\u00e1tane dod\u00e1vate\u013eov TCF, \u00fa\u010delov, \u0161peci\u00e1lnych \u00fa\u010delov, funkci\u00ed a \u0161peci\u00e1lnych funkci\u00ed. Sa uklad\u00e1 iba dovtedy, k\u00fdm sa na webovom serveri nebude zdokumentova\u0165 s\u00fahlas.<\/td><\/tr><tr><td>Nevyhnutn\u00e9<\/td><td>real_cookie_banner*-gcm<\/td><td>https:\/\/www.bmove.com<\/td><td>Real Cookie Banner<\/td><td>&#8211;<\/td><td>Local Storage<\/td><td>S\u00fahlasy zozbieran\u00e9 v re\u017eime s\u00fahlasu Google ulo\u017een\u00e9 v typoch s\u00fahlasu (\u00fa\u010dely) pre v\u0161etky slu\u017eby kompatibiln\u00fdch s re\u017eimom s\u00fahlasu Google. Sa uklad\u00e1 iba dovtedy, k\u00fdm sa na webovom serveri nebude zdokumentova\u0165 s\u00fahlas.<\/td><\/tr><tr><td>Nevyhnutn\u00e9<\/td><td>real_cookie_banner-consent-queue*<\/td><td>https:\/\/www.bmove.com<\/td><td>Real Cookie Banner<\/td><td>&#8211;<\/td><td>Local Storage<\/td><td>Miestne ukladanie do vyrovn\u00e1vacej pam\u00e4te v\u00fdberu v banneri cookie, k\u00fdm server dokumentuje s\u00fahlas; Dokumenta\u010dn\u00e9 pravideln\u00e9 alebo na str\u00e1nke sa pokus o prep\u00edna\u010dy, ak nie je k dispoz\u00edcii server alebo pre\u0165a\u017een\u00fd.<\/td><\/tr><tr><td>Funk\u010dn\u00e9<\/td><td>SID, HSID, SSID<\/td><td>maps.google.com<\/td><td>Google Maps<\/td><td>2 roky<\/td><td>HTTP Cookie<\/td><td>SID, HSID = bezpe\u010dnostn\u00e9 funkcie a overenie pou\u017e\u00edvate\u013ea. SSID = preferencie obchodu pre zobrazenia mapy.<\/td><\/tr><tr><td>Funk\u010dn\u00e9<\/td><td>_grecaptcha<\/td><td>google.com<\/td><td>Contact Form 7<\/td><td>Session<\/td><td>HTTP Cookie<\/td><td>Zabr\u00e1\u0148te spamu a zabezpe\u010dte podania bezpe\u010dn\u00e9ho formul\u00e1ra.<\/td><\/tr><tr><td>Funk\u010dn\u00e9<\/td><td>wpEmojiSettingsSupports<\/td><td>bmove.com<\/td><td>WordPress Emojis<\/td><td><br>SESSION<\/td><td>Session Storage<\/td><td>\u010casov\u00e1 pe\u010diatka a \u010di je mo\u017en\u00e9 nastavi\u0165 emod\u017ei<\/td><\/tr><tr><td>Funk\u010dn\u00e9<\/td><td><br>comment_author_*<\/td><td>bmove.com<\/td><td><br>WordPress Comments<\/td><td>1 rok<\/td><td><br>HTTP Cookie<\/td><td>Ulo\u017e\u00ed n\u00e1zov autorka koment\u00e1ra pre pohodlie v bud\u00facich koment\u00e1roch.<\/td><\/tr><tr><td>Funk\u010dn\u00e9<\/td><td><br>comment_author_email_*<\/td><td>bmove.com<\/td><td><br>WordPress Comments<\/td><td>1 rok<\/td><td><br>HTTP Cookie<\/td><td>Ulo\u017e\u00ed e -mailov\u00fa adresu autorka koment\u00e1ra pre Autofill v nasleduj\u00facich pripomienkach.<\/td><\/tr><tr><td>Funk\u010dn\u00e9<\/td><td><br>comment_author_url_*<\/td><td>bmove.com<\/td><td><br>WordPress Comments<\/td><td>1 rok<\/td><td><br>HTTP Cookie<\/td><td>Uklad\u00e1 adresu URL poskytnut\u00e1 autorom koment\u00e1rov pre bud\u00face pou\u017eitie.<\/td><\/tr><\/tbody><\/table><\/figure>\n","protected":false},"excerpt":{"rendered":"<p>V t\u00fdchto z\u00e1sad\u00e1ch pou\u017e\u00edvania s\u00faborov cookie by sme chceli vysvetli\u0165, \u010do s\u00fa to s\u00fabory cookie a technol\u00f3gie podobn\u00e9 s\u00faborom cookie, ako ich my a \u010fal\u0161\u00ed poskytovatelia slu\u017eieb pou\u017e\u00edvame na tejto webovej lokalite, ak\u00e9 inform\u00e1cie zhroma\u017e\u010fuj\u00fa, ako dlho a na ak\u00e9 \u00fa\u010dely ich pou\u017e\u00edvame. Obsah Spr\u00e1vca webovej str\u00e1nky Doplnenie z\u00e1sad ochrany osobn\u00fdch \u00fadajov Tieto z\u00e1sady pou\u017e\u00edvania&hellip;<\/p>\n","protected":false},"author":1,"featured_media":0,"parent":0,"menu_order":0,"comment_status":"closed","ping_status":"closed","template":"","meta":{"footnotes":""},"class_list":["post-60742","page","type-page","status-publish","hentry","description-off"],"_links":{"self":[{"href":"https:\/\/www.bmove.com\/sk\/wp-json\/wp\/v2\/pages\/60742","targetHints":{"allow":["GET"]}}],"collection":[{"href":"https:\/\/www.bmove.com\/sk\/wp-json\/wp\/v2\/pages"}],"about":[{"href":"https:\/\/www.bmove.com\/sk\/wp-json\/wp\/v2\/types\/page"}],"author":[{"embeddable":true,"href":"https:\/\/www.bmove.com\/sk\/wp-json\/wp\/v2\/users\/1"}],"replies":[{"embeddable":true,"href":"https:\/\/www.bmove.com\/sk\/wp-json\/wp\/v2\/comments?post=60742"}],"version-history":[{"count":2,"href":"https:\/\/www.bmove.com\/sk\/wp-json\/wp\/v2\/pages\/60742\/revisions"}],"predecessor-version":[{"id":60941,"href":"https:\/\/www.bmove.com\/sk\/wp-json\/wp\/v2\/pages\/60742\/revisions\/60941"}],"wp:attachment":[{"href":"https:\/\/www.bmove.com\/sk\/wp-json\/wp\/v2\/media?parent=60742"}],"curies":[{"name":"wp","href":"https:\/\/api.w.org\/{rel}","templated":true}]}}