{"id":60740,"date":"2025-03-21T09:42:40","date_gmt":"2025-03-21T09:42:40","guid":{"rendered":"https:\/\/www.bmove.com\/politica-sui-cookie\/"},"modified":"2026-01-29T16:02:26","modified_gmt":"2026-01-29T16:02:26","slug":"politica-sui-cookie","status":"publish","type":"page","link":"https:\/\/www.bmove.com\/it\/politica-sui-cookie\/","title":{"rendered":"Politica sui cookie"},"content":{"rendered":"\n<p>Con questa politica sui cookie, desideriamo spiegare cosa sono i cookie e le tecnologie simili ai cookie, come noi e altri fornitori di servizi li utilizziamo su questo sito web, quali informazioni raccolgono, per quanto tempo e per quali scopi li utilizziamo.<\/p>\n\n\n\n<h2 class=\"wp-block-heading\">Indice dei contenuti<\/h2>\n\n\n\n<ul class=\"wp-block-list\">\n<li><a href=\"https:\/\/www.bmove.com\/it\/politica-sui-cookie\/#controller-of-the-website\">Controllore del sito web<\/a><\/li>\n\n\n\n<li><a href=\"https:\/\/www.bmove.com\/it\/politica-sui-cookie\/#diff-to-privacy-policy\">Aggiunta all&#8217;informativa sulla privacy<\/a><\/li>\n\n\n\n<li><a href=\"https:\/\/www.bmove.com\/it\/politica-sui-cookie\/#legal-basis\">Qual \u00e8 la base giuridica per l&#8217;impostazione\/lettura dei cookie?<\/a><\/li>\n\n\n\n<li><a href=\"https:\/\/www.bmove.com\/it\/politica-sui-cookie\/#rights-of-visitor\">Quali diritti ha il visitatore del sito web?<\/a><\/li>\n\n\n\n<li><a href=\"https:\/\/www.bmove.com\/it\/politica-sui-cookie\/#manage-cookies\">Come gestire i cookie in un browser?<\/a><\/li>\n\n\n\n<li><a href=\"https:\/\/www.bmove.com\/it\/politica-sui-cookie\/#types-of-cookies\">Quali tipi di cookie esistono?<\/a><\/li>\n\n\n\n<li><a href=\"https:\/\/www.bmove.com\/it\/politica-sui-cookie\/#cookies-origin\">Chi pu\u00f2 impostare i cookie su questo sito web?<\/a><\/li>\n\n\n\n<li><a href=\"https:\/\/www.bmove.com\/it\/politica-sui-cookie\/#list-of-services\">Quali cookie vengono utilizzati su questo sito web?<\/a><\/li>\n<\/ul>\n\n\n\n<h2 class=\"wp-block-heading\" id=\"controller-of-the-website\">Controllore del sito web<\/h2>\n\n\n\n<ul class=\"wp-block-list\">\n<li><strong>Fornitore: <\/strong>Bmove, Stati Uniti<\/li>\n\n\n\n<li><strong>Email: <\/strong><a href=\"support@bmove.com\">support@bmove.com<\/a><\/li>\n<\/ul>\n\n\n\n<h2 class=\"wp-block-heading\" id=\"diff-to-privacy-policy\">Aggiunta all&#8217;informativa sulla privacy<\/h2>\n\n\n\n<p>Questa politica sui cookie \u00e8 un supplemento alla <a href=\"https:\/\/www.bmove.com\/it\/privacy-security\/\" target=\"_blank\" rel=\"noreferrer noopener\">politica sulla privacy di questo sito web<\/a>. La politica sui cookie specifica come un sito web utilizza i cookie e quali dati raccoglie attraverso di essi, mentre la politica sulla privacy \u00e8 una panoramica pi\u00f9 completa di tutte le attivit\u00e0 di elaborazione dei dati sul sito web e oltre.<\/p>\n\n\n\n<h2 class=\"wp-block-heading\" id=\"legal-basis\">Qual \u00e8 la base giuridica per l&#8217;impostazione\/lettura dei cookie?<\/h2>\n\n\n\n<p>L&#8217;impostazione e la lettura dei cookie nell&#8217;Unione Europea (UE) e nello Spazio Economico Europeo (SEE) sono consentite, in conformit\u00e0 con Articolo 122 Codice italiano di protezione dei dati personali (Codice in materia di protezione dei dati personali), solo se l&#8217;utente ha dato il suo consenso sulla base di un&#8217;informazione completa sulle finalit\u00e0 del trattamento. L&#8217;operatore del sito web pu\u00f2 anche impostare i cookie se sono strettamente necessari per fornire a lei come utente il servizio espressamente richiesto, ad esempio il contenuto di base di questo sito web o altri cookie strettamente necessari per la funzionalit\u00e0 di base del sito web da mostrare all&#8217;utente senza il suo consenso.<\/p>\n\n\n\n<h2 class=\"wp-block-heading\" id=\"rights-of-visitor\">Quali diritti ha il visitatore del sito web?<\/h2>\n\n\n\n<p>I servizi e i relativi cookie possono essere impostati e letti sulla base giuridica del suo consenso o di un interesse legittimo. Quando ha visitato per la prima volta questo sito web, le \u00e8 stato chiesto il suo consenso e ha avuto la possibilit\u00e0 di opporsi all&#8217;utilizzo di alcuni servizi. Abbiamo spiegato quale base giuridica viene utilizzata per quale servizio nella nostra finestra di dialogo sul consenso.<br><br>Lei ha il diritto di visualizzare la cronologia delle sue decisioni, di modificare le sue impostazioni sulla privacy, di opporsi all&#8217;uso dei servizi e di revocare il suo consenso in qualsiasi momento. Qui di seguito trova le possibilit\u00e0 di esercitare i suoi diritti:<\/p>\n\n\n\n<ul class=\"wp-block-list\">\n<li><a href=\"https:\/\/www.bmove.com\/it\/politica-sui-cookie\/#consent-change\">Cambia le impostazioni sulla privacy<\/a><\/li>\n\n\n\n<li><a href=\"https:\/\/www.bmove.com\/it\/politica-sui-cookie\/#consent-history\">Cronologia impostazioni privacy<\/a><\/li>\n\n\n\n<li><a href=\"https:\/\/www.bmove.com\/it\/politica-sui-cookie\/#consent-revoke\">Revoca consensi<\/a><\/li>\n<\/ul>\n\n\n\n<h2 class=\"wp-block-heading\" id=\"manage-cookies\">Come gestire i cookie in un browser?<\/h2>\n\n\n\n<ul class=\"wp-block-list\">\n<li><strong>Come rimuovere i cookie in un browser:<\/strong> Per rimuovere i cookie dal suo dispositivo, pu\u00f2 cancellare i dati di navigazione nelle impostazioni del suo browser. Questa azione rimuover\u00e0 tutti i cookie di tutti i siti web che ha visitato, compresi potenzialmente i dati di accesso salvati e le preferenze del sito. In alcuni browser, \u00e8 possibile eliminare solo i cookie e dati simili senza cancellare l&#8217;intera cronologia di navigazione.<\/li>\n\n\n\n<li><strong>Come controllare i cookie in un browser:<\/strong> Per un controllo pi\u00f9 granulare sui cookie specifici di alcuni siti web, si rechi nelle impostazioni della privacy e dei cookie del suo browser. Qui pu\u00f2 regolare le preferenze relative all&#8217;utilizzo dei cookie da parte di singoli siti.<\/li>\n\n\n\n<li><strong>Come bloccare i cookie in un browser:<\/strong> \u00c8 possibile configurare la maggior parte dei browser moderni nelle loro impostazioni per bloccare l&#8217;inserimento di tutti i cookie sul suo dispositivo. Tuttavia, il blocco dei cookie potrebbe far s\u00ec che alcuni servizi e funzionalit\u00e0 non funzionino correttamente, ad esempio il login come utente. Pu\u00f2 anche utilizzare estensioni per molti browser che possono bloccare l&#8217;impostazione dei cookie sui siti web.<\/li>\n\n\n\n<li><strong>Come gestire i cookie su questo sito web:<\/strong> Per personalizzare le sue preferenze relative ai cookie su questo sito web, pu\u00f2 modificare le sue preferenze in qualsiasi momento, cliccando sul link nella sezione &#8220;Diritti del visitatore del sito web&#8221;.<\/li>\n<\/ul>\n\n\n\n<p>Pu\u00f2 trovare maggiori informazioni sulla gestione dei cookie <a href=\"https:\/\/devowl.io\/rcb\/cookie-handling\/\" target=\"_blank\" rel=\"noreferrer noopener\">devowl.io\/rcb\/cookie-handling\/<\/a>.<\/p>\n\n\n\n<h2 class=\"wp-block-heading\" id=\"types-of-cookies\">Quali tipi di cookie esistono?<\/h2>\n\n\n\n<ul class=\"wp-block-list\">\n<li>I <strong>cookie essenziali<\/strong> sono indispensabili per la funzionalit\u00e0 di base di un sito web e consentono funzioni come il salvataggio delle informazioni di login o l&#8217;accesso ad aree sicure del sito. Questi includono, ad esempio, i cookie di sicurezza, che possono identificare un bot non desiderato sul sito web, memorizzando una chiave di autenticazione in un cookie.<\/li>\n\n\n\n<li>I<strong>cookie funzionali<\/strong> migliorano l&#8217;esperienza dell&#8217;utente memorizzando informazioni e preferenze, come le impostazioni della lingua o dell&#8217;aspetto del sito web, per fornire informazioni personalizzate. Ci\u00f2 include, ad esempio, i cookie di preferenza che memorizzano la qualit\u00e0 video preferita dall&#8217;utente su un sito web.<\/li>\n\n\n\n<li>I <strong>I cookie statistici<\/strong> raccolgono dati sull&#8217;utilizzo di un sito web per ottenere informazioni sul comportamento degli utenti e ottimizzare le prestazioni del sito. Ci\u00f2 include, ad esempio, un ID utente assegnato in modo casuale che consente di attribuire se lei ha visitato una sottopagina del sito web.<\/li>\n\n\n\n<li>I <strong>cookie di marketing<\/strong> sono utilizzati per tracciare il comportamento degli utenti su diversi siti web e per visualizzare pubblicit\u00e0 personalizzate in base agli interessi e al comportamento di navigazione degli utenti. Ci\u00f2 include, ad esempio, i cookie pubblicitari che memorizzano un&#8217;interazione con una pubblicit\u00e0 sul sito web e la trasmettono agli inserzionisti o un sistema di chat per le domande pre-vendita e l&#8217;assistenza clienti.<\/li>\n<\/ul>\n\n\n\n<h2 class=\"wp-block-heading\" id=\"cookies-origin\">Chi pu\u00f2 impostare i cookie su questo sito web?<\/h2>\n\n\n\n<p>Su questo sito web, sia l&#8217;operatore del sito web che i servizi di terze parti che vengono utilizzati su questo sito web possono impostare dei cookie e accedere al suo contenuto. Chi pu\u00f2 accedere a quali cookie e al loro contenuto differisce tra cookie di prima parte e cookie di terza parte. I cookie di prima parte sono creati dal sito web visitato e possono essere letti solo dall&#8217;operatore del sito web e dai servizi di terze parti integrati in questo sito web. I cookie di terze parti sono impostati da servizi solitamente di terze parti su altri domini, possono essere letti da tutti i siti web in cui \u00e8 incorporato il servizio che controlla il dominio e, ad esempio, sono utilizzati dalle reti pubblicitarie per tracciare il comportamento degli utenti su diversi siti web e offrire pubblicit\u00e0 personalizzata.<\/p>\n\n\n\n<h2 class=\"wp-block-heading\" id=\"list-of-services\">Quali cookie vengono utilizzati su questo sito web?<\/h2>\n\n\n\n\n\n<figure class=\"wp-block-table\"><table class=\"has-fixed-layout\"><tbody><tr><td>Essenziale<\/td><td>real_cookie_banner*<\/td><td>.bmove.com<\/td><td>Real Cookie Banner<\/td><td>365 giorni<\/td><td>HTTP Cookie<\/td><td><\/td><\/tr><tr><td>Essenziale<\/td><td>real_cookie_banner*-tcf<\/td><td>.bmove.com<\/td><td>Real Cookie Banner<\/td><td>365 giorni<\/td><td>HTTP Cookie<\/td><td>Identificatore univoco per il consenso, ma non per il visitatore del sito Web. Revisione hash per impostazioni di Cookie Banner (testi, colori, funzionalit\u00e0, gruppi di servizi, servizi, bloccanti di contenuti ecc.). IDS per servizi consentiti e gruppi di servizi.<\/td><\/tr><tr><td>Essenziale<\/td><td>real_cookie_banner*-gcm<\/td><td>.bmove.com<\/td><td>Real Cookie Banner<\/td><td>365 giorni<\/td><td>HTTP Cookie<\/td><td>Consenso in tipi di consenso (scopi) raccolti nella modalit\u00e0 di consenso di Google memorizzata per tutti i servizi compatibili in modalit\u00e0 di consenso di Google.<\/td><\/tr><tr><td>Essenziale<\/td><td>real_cookie_banner-test<\/td><td>.bmove.com<\/td><td>Real Cookie Banner<\/td><td>365 giorni<\/td><td>HTTP Cookie<\/td><td>Set di cookie per testare la funzionalit\u00e0 dei cookie HTTP. Eliminato immediatamente dopo il test.<\/td><\/tr><tr><td>Essenziale<\/td><td>real_cookie_banner*<\/td><td>https:\/\/www.bmove.com<\/td><td>Real Cookie Banner<\/td><td>&#8211;<\/td><td>Local Storage<\/td><td>Identificatore univoco per il consenso, ma non per il visitatore del sito Web. Revisione hash per impostazioni di Cookie Banner (testi, colori, funzionalit\u00e0, gruppi di servizi, servizi, bloccanti di contenuti ecc.). IDS per servizi consentiti e gruppi di servizi. Viene memorizzato solo fino a quando il consenso non viene documentato sul server del sito Web.<\/td><\/tr><tr><td>Essenziale<\/td><td>real_cookie_banner*-tcf<\/td><td>https:\/\/www.bmove.com<\/td><td>Real Cookie Banner<\/td><td>&#8211;<\/td><td>Local Storage<\/td><td>Consenzi raccolti in TCF memorizzato in formato String TC, inclusi fornitori di TCF, scopi, scopi speciali, caratteristiche e caratteristiche speciali. Viene memorizzato solo fino a quando il consenso non viene documentato sul server del sito Web.<\/td><\/tr><tr><td>Essenziale<\/td><td>real_cookie_banner*-gcm<\/td><td>https:\/\/www.bmove.com<\/td><td>Real Cookie Banner<\/td><td>&#8211;<\/td><td>Local Storage<\/td><td>Consetti raccolti nella modalit\u00e0 di consenso di Google memorizzata in tipi di consenso (scopi) per tutti i servizi compatibili in modalit\u00e0 di consenso di Google. Viene memorizzato solo fino a quando il consenso non viene documentato sul server del sito Web.<\/td><\/tr><tr><td>Essenziale<\/td><td>real_cookie_banner-consent-queue*<\/td><td>https:\/\/www.bmove.com<\/td><td>Real Cookie Banner<\/td><td>&#8211;<\/td><td>Local Storage<\/td><td>Cacheggio locale della selezione in Cookie Banner fino a quando i documenti del server non acconsentono; Documentazione periodica o sugli switch di pagina tentati se il server non \u00e8 disponibile o sovraccarico.<\/td><\/tr><tr><td>Funzionale<\/td><td>SID, HSID, SSID<\/td><td>maps.google.com<\/td><td>Google Maps<\/td><td>2 anni<\/td><td>HTTP Cookie<\/td><td>SID, HSID = Funzionalit\u00e0 di sicurezza e autenticazione dell&#8217;utente. SSID = Preferenze del negozio per le visualizzazioni della mappa.<\/td><\/tr><tr><td>Funzionale<\/td><td>_grecaptcha<\/td><td>google.com<\/td><td>Contact Form 7<\/td><td>Session<\/td><td>HTTP Cookie<\/td><td>Prevenire lo spam e garantire comunicazioni di forma sicura.<\/td><\/tr><tr><td>Funzionale<\/td><td>wpEmojiSettingsSupports<\/td><td>bmove.com<\/td><td>WordPress Emojis<\/td><td>SESSION<\/td><td>Session Storage<\/td><td>Timestamp e se \u00e8 possibile impostare emoji<\/td><\/tr><tr><td>Funzionale<\/td><td><br>comment_author_*<\/td><td>bmove.com<\/td><td>WordPress Comments<\/td><td>1 anno<\/td><td>HTTP Cookie<\/td><td>Salva il nome del<br>commento<br>autore per comodit\u00e0 nei commenti futuri.<\/td><\/tr><tr><td>Funzionale<\/td><td>comment_author_email_*<\/td><td>bmove.com<\/td><td>WordPress Comments<\/td><td>1 anno<\/td><td>HTTP Cookie<\/td><td>Salva l&#8217;indirizzo e -mail di<br>IL<br>Commento autore per AutoFill nei commenti successivi.<\/td><\/tr><tr><td>Funzionale<\/td><td>comment_author_url_*<\/td><td>bmove.com<\/td><td>WordPress Comments<\/td><td>1 anno<\/td><td>HTTP Cookie<\/td><td>Memorizza l&#8217;URL fornito dall&#8217;autore dei commenti per uso futuro.<\/td><\/tr><\/tbody><\/table><\/figure>\n\n\n\n<p><\/p>\n\n\n\n<p><\/p>\n","protected":false},"excerpt":{"rendered":"<p>Con questa politica sui cookie, desideriamo spiegare cosa sono i cookie e le tecnologie simili ai cookie, come noi e altri fornitori di servizi li utilizziamo su questo sito web, quali informazioni raccolgono, per quanto tempo e per quali scopi li utilizziamo. Indice dei contenuti Controllore del sito web Aggiunta all&#8217;informativa sulla privacy Questa politica&hellip;<\/p>\n","protected":false},"author":1,"featured_media":0,"parent":0,"menu_order":0,"comment_status":"closed","ping_status":"closed","template":"","meta":{"footnotes":""},"class_list":["post-60740","page","type-page","status-publish","hentry","description-off"],"_links":{"self":[{"href":"https:\/\/www.bmove.com\/it\/wp-json\/wp\/v2\/pages\/60740","targetHints":{"allow":["GET"]}}],"collection":[{"href":"https:\/\/www.bmove.com\/it\/wp-json\/wp\/v2\/pages"}],"about":[{"href":"https:\/\/www.bmove.com\/it\/wp-json\/wp\/v2\/types\/page"}],"author":[{"embeddable":true,"href":"https:\/\/www.bmove.com\/it\/wp-json\/wp\/v2\/users\/1"}],"replies":[{"embeddable":true,"href":"https:\/\/www.bmove.com\/it\/wp-json\/wp\/v2\/comments?post=60740"}],"version-history":[{"count":4,"href":"https:\/\/www.bmove.com\/it\/wp-json\/wp\/v2\/pages\/60740\/revisions"}],"predecessor-version":[{"id":60939,"href":"https:\/\/www.bmove.com\/it\/wp-json\/wp\/v2\/pages\/60740\/revisions\/60939"}],"wp:attachment":[{"href":"https:\/\/www.bmove.com\/it\/wp-json\/wp\/v2\/media?parent=60740"}],"curies":[{"name":"wp","href":"https:\/\/api.w.org\/{rel}","templated":true}]}}